{"id":5622,"date":"2023-01-27T12:47:07","date_gmt":"2023-01-27T11:47:07","guid":{"rendered":"https:\/\/www.haircompanyprofessional.it\/prodotto\/serum-densificante\/"},"modified":"2025-08-14T17:41:59","modified_gmt":"2025-08-14T15:41:59","slug":"serum-densificante","status":"publish","type":"product","link":"https:\/\/www.haircompanyprofessional.it\/es\/producto\/serum-densificante\/","title":{"rendered":"S\u00e9rum densificante"},"content":{"rendered":"","protected":false},"excerpt":{"rendered":"<p>Tratamiento profesional texturizante y voluminizador que, gracias a una mezcla de activos espec\u00edficos de \u00faltima generaci\u00f3n como el \u00e1cido hialur\u00f3nico, el zantaleno y la queratina hidrolizada, act\u00faa sobre el cabello fino y da\u00f1ado, devolvi\u00e9ndole grosor y tono con un efecto de relleno de mayor densidad. Repara las zonas da\u00f1adas de la fibra capilar y protege el tallo del cabello con una capa film\u00f3gena, aportando plenitud, cuerpo y luminosidad al cabello.<\/p>\n","protected":false},"featured_media":5592,"comment_status":"closed","ping_status":"closed","template":"","meta":[],"product_cat":[318],"product_tag":[],"class_list":["post-5622","product","type-product","status-publish","has-post-thumbnail","hentry","product_cat-linea-de-llenado"],"acf":[],"yoast_head":"<!-- This site is optimized with the Yoast SEO plugin v23.8 - https:\/\/yoast.com\/wordpress\/plugins\/seo\/ -->\n<title>S\u00e9rum densificante |llenado | Hair Company Professional<\/title>\n<meta name=\"description\" content=\"Tratamiento profesional texturizante y voluminizador que, gracias a una mezcla de activos espec\u00edficos de \u00faltima generaci\u00f3n como el \u00e1cido hialur\u00f3nico, el zantaleno y la queratina hidrolizada, act\u00faa sobre el cabello fino y da\u00f1ado, devolvi\u00e9ndole grosor y tono con un efecto de relleno de mayor densidad. Repara las zonas da\u00f1adas de la fibra capilar y protege el tallo del cabello con una capa film\u00f3gena, aportando plenitud, cuerpo y luminosidad al cabello.\" \/>\n<meta name=\"robots\" content=\"index, follow, max-snippet:-1, max-image-preview:large, max-video-preview:-1\" \/>\n<link rel=\"canonical\" href=\"https:\/\/www.haircompanyprofessional.it\/es\/producto\/serum-densificante\/\" \/>\n<meta property=\"og:locale\" content=\"es_ES\" \/>\n<meta property=\"og:type\" content=\"article\" \/>\n<meta property=\"og:title\" content=\"S\u00e9rum densificante |llenado | Hair Company Professional\" \/>\n<meta property=\"og:description\" content=\"Tratamiento profesional texturizante y voluminizador que, gracias a una mezcla de activos espec\u00edficos de \u00faltima generaci\u00f3n como el \u00e1cido hialur\u00f3nico, el zantaleno y la queratina hidrolizada, act\u00faa sobre el cabello fino y da\u00f1ado, devolvi\u00e9ndole grosor y tono con un efecto de relleno de mayor densidad. Repara las zonas da\u00f1adas de la fibra capilar y protege el tallo del cabello con una capa film\u00f3gena, aportando plenitud, cuerpo y luminosidad al cabello.\" \/>\n<meta property=\"og:url\" content=\"https:\/\/www.haircompanyprofessional.it\/es\/producto\/serum-densificante\/\" \/>\n<meta property=\"og:site_name\" content=\"Hair Company Professional\" \/>\n<meta property=\"article:modified_time\" content=\"2025-08-14T15:41:59+00:00\" \/>\n<meta property=\"og:image\" content=\"https:\/\/www.haircompanyprofessional.it\/wp-content\/uploads\/2023\/01\/siero-densificante.jpg\" \/>\n\t<meta property=\"og:image:width\" content=\"2000\" \/>\n\t<meta property=\"og:image:height\" content=\"2000\" \/>\n\t<meta property=\"og:image:type\" content=\"image\/jpeg\" \/>\n<meta name=\"twitter:card\" content=\"summary_large_image\" \/>\n<script type=\"application\/ld+json\" class=\"yoast-schema-graph\">{\"@context\":\"https:\/\/schema.org\",\"@graph\":[{\"@type\":\"WebPage\",\"@id\":\"https:\/\/www.haircompanyprofessional.it\/es\/producto\/serum-densificante\/\",\"url\":\"https:\/\/www.haircompanyprofessional.it\/es\/producto\/serum-densificante\/\",\"name\":\"S\u00e9rum densificante |llenado | Hair Company Professional\",\"isPartOf\":{\"@id\":\"https:\/\/www.haircompanyprofessional.it\/#website\"},\"primaryImageOfPage\":{\"@id\":\"https:\/\/www.haircompanyprofessional.it\/es\/producto\/serum-densificante\/#primaryimage\"},\"image\":{\"@id\":\"https:\/\/www.haircompanyprofessional.it\/es\/producto\/serum-densificante\/#primaryimage\"},\"thumbnailUrl\":\"https:\/\/www.haircompanyprofessional.it\/wp-content\/uploads\/2023\/01\/siero-densificante.jpg\",\"datePublished\":\"2023-01-27T11:47:07+00:00\",\"dateModified\":\"2025-08-14T15:41:59+00:00\",\"description\":\"Tratamiento profesional texturizante y voluminizador que, gracias a una mezcla de activos espec\u00edficos de \u00faltima generaci\u00f3n como el \u00e1cido hialur\u00f3nico, el zantaleno y la queratina hidrolizada, act\u00faa sobre el cabello fino y da\u00f1ado, devolvi\u00e9ndole grosor y tono con un efecto de relleno de mayor densidad. Repara las zonas da\u00f1adas de la fibra capilar y protege el tallo del cabello con una capa film\u00f3gena, aportando plenitud, cuerpo y luminosidad al cabello.\",\"breadcrumb\":{\"@id\":\"https:\/\/www.haircompanyprofessional.it\/es\/producto\/serum-densificante\/#breadcrumb\"},\"inLanguage\":\"es\",\"potentialAction\":[{\"@type\":\"ReadAction\",\"target\":[\"https:\/\/www.haircompanyprofessional.it\/es\/producto\/serum-densificante\/\"]}]},{\"@type\":\"ImageObject\",\"inLanguage\":\"es\",\"@id\":\"https:\/\/www.haircompanyprofessional.it\/es\/producto\/serum-densificante\/#primaryimage\",\"url\":\"https:\/\/www.haircompanyprofessional.it\/wp-content\/uploads\/2023\/01\/siero-densificante.jpg\",\"contentUrl\":\"https:\/\/www.haircompanyprofessional.it\/wp-content\/uploads\/2023\/01\/siero-densificante.jpg\",\"width\":2000,\"height\":2000},{\"@type\":\"BreadcrumbList\",\"@id\":\"https:\/\/www.haircompanyprofessional.it\/es\/producto\/serum-densificante\/#breadcrumb\",\"itemListElement\":[{\"@type\":\"ListItem\",\"position\":1,\"name\":\"Home\",\"item\":\"https:\/\/www.haircompanyprofessional.it\/es\/\"},{\"@type\":\"ListItem\",\"position\":2,\"name\":\"Tienda\",\"item\":\"https:\/\/www.haircompanyprofessional.it\/es\/tienda\/\"},{\"@type\":\"ListItem\",\"position\":3,\"name\":\"S\u00e9rum densificante\"}]},{\"@type\":\"WebSite\",\"@id\":\"https:\/\/www.haircompanyprofessional.it\/#website\",\"url\":\"https:\/\/www.haircompanyprofessional.it\/\",\"name\":\"Hair Company Professional\",\"description\":\"\",\"publisher\":{\"@id\":\"https:\/\/www.haircompanyprofessional.it\/#organization\"},\"potentialAction\":[{\"@type\":\"SearchAction\",\"target\":{\"@type\":\"EntryPoint\",\"urlTemplate\":\"https:\/\/www.haircompanyprofessional.it\/?s={search_term_string}\"},\"query-input\":{\"@type\":\"PropertyValueSpecification\",\"valueRequired\":true,\"valueName\":\"search_term_string\"}}],\"inLanguage\":\"es\"},{\"@type\":\"Organization\",\"@id\":\"https:\/\/www.haircompanyprofessional.it\/#organization\",\"name\":\"Hair Company Professional\",\"url\":\"https:\/\/www.haircompanyprofessional.it\/\",\"logo\":{\"@type\":\"ImageObject\",\"inLanguage\":\"es\",\"@id\":\"https:\/\/www.haircompanyprofessional.it\/#\/schema\/logo\/image\/\",\"url\":\"https:\/\/www.haircompanyprofessional.it\/wp-content\/uploads\/2022\/03\/logo.png\",\"contentUrl\":\"https:\/\/www.haircompanyprofessional.it\/wp-content\/uploads\/2022\/03\/logo.png\",\"width\":620,\"height\":176,\"caption\":\"Hair Company Professional\"},\"image\":{\"@id\":\"https:\/\/www.haircompanyprofessional.it\/#\/schema\/logo\/image\/\"}}]}<\/script>\n<!-- \/ Yoast SEO plugin. -->","yoast_head_json":{"title":"S\u00e9rum densificante |llenado | Hair Company Professional","description":"Tratamiento profesional texturizante y voluminizador que, gracias a una mezcla de activos espec\u00edficos de \u00faltima generaci\u00f3n como el \u00e1cido hialur\u00f3nico, el zantaleno y la queratina hidrolizada, act\u00faa sobre el cabello fino y da\u00f1ado, devolvi\u00e9ndole grosor y tono con un efecto de relleno de mayor densidad. Repara las zonas da\u00f1adas de la fibra capilar y protege el tallo del cabello con una capa film\u00f3gena, aportando plenitud, cuerpo y luminosidad al cabello.","robots":{"index":"index","follow":"follow","max-snippet":"max-snippet:-1","max-image-preview":"max-image-preview:large","max-video-preview":"max-video-preview:-1"},"canonical":"https:\/\/www.haircompanyprofessional.it\/es\/producto\/serum-densificante\/","og_locale":"es_ES","og_type":"article","og_title":"S\u00e9rum densificante |llenado | Hair Company Professional","og_description":"Tratamiento profesional texturizante y voluminizador que, gracias a una mezcla de activos espec\u00edficos de \u00faltima generaci\u00f3n como el \u00e1cido hialur\u00f3nico, el zantaleno y la queratina hidrolizada, act\u00faa sobre el cabello fino y da\u00f1ado, devolvi\u00e9ndole grosor y tono con un efecto de relleno de mayor densidad. Repara las zonas da\u00f1adas de la fibra capilar y protege el tallo del cabello con una capa film\u00f3gena, aportando plenitud, cuerpo y luminosidad al cabello.","og_url":"https:\/\/www.haircompanyprofessional.it\/es\/producto\/serum-densificante\/","og_site_name":"Hair Company Professional","article_modified_time":"2025-08-14T15:41:59+00:00","og_image":[{"width":2000,"height":2000,"url":"https:\/\/www.haircompanyprofessional.it\/wp-content\/uploads\/2023\/01\/siero-densificante.jpg","type":"image\/jpeg"}],"twitter_card":"summary_large_image","schema":{"@context":"https:\/\/schema.org","@graph":[{"@type":"WebPage","@id":"https:\/\/www.haircompanyprofessional.it\/es\/producto\/serum-densificante\/","url":"https:\/\/www.haircompanyprofessional.it\/es\/producto\/serum-densificante\/","name":"S\u00e9rum densificante |llenado | Hair Company Professional","isPartOf":{"@id":"https:\/\/www.haircompanyprofessional.it\/#website"},"primaryImageOfPage":{"@id":"https:\/\/www.haircompanyprofessional.it\/es\/producto\/serum-densificante\/#primaryimage"},"image":{"@id":"https:\/\/www.haircompanyprofessional.it\/es\/producto\/serum-densificante\/#primaryimage"},"thumbnailUrl":"https:\/\/www.haircompanyprofessional.it\/wp-content\/uploads\/2023\/01\/siero-densificante.jpg","datePublished":"2023-01-27T11:47:07+00:00","dateModified":"2025-08-14T15:41:59+00:00","description":"Tratamiento profesional texturizante y voluminizador que, gracias a una mezcla de activos espec\u00edficos de \u00faltima generaci\u00f3n como el \u00e1cido hialur\u00f3nico, el zantaleno y la queratina hidrolizada, act\u00faa sobre el cabello fino y da\u00f1ado, devolvi\u00e9ndole grosor y tono con un efecto de relleno de mayor densidad. Repara las zonas da\u00f1adas de la fibra capilar y protege el tallo del cabello con una capa film\u00f3gena, aportando plenitud, cuerpo y luminosidad al cabello.","breadcrumb":{"@id":"https:\/\/www.haircompanyprofessional.it\/es\/producto\/serum-densificante\/#breadcrumb"},"inLanguage":"es","potentialAction":[{"@type":"ReadAction","target":["https:\/\/www.haircompanyprofessional.it\/es\/producto\/serum-densificante\/"]}]},{"@type":"ImageObject","inLanguage":"es","@id":"https:\/\/www.haircompanyprofessional.it\/es\/producto\/serum-densificante\/#primaryimage","url":"https:\/\/www.haircompanyprofessional.it\/wp-content\/uploads\/2023\/01\/siero-densificante.jpg","contentUrl":"https:\/\/www.haircompanyprofessional.it\/wp-content\/uploads\/2023\/01\/siero-densificante.jpg","width":2000,"height":2000},{"@type":"BreadcrumbList","@id":"https:\/\/www.haircompanyprofessional.it\/es\/producto\/serum-densificante\/#breadcrumb","itemListElement":[{"@type":"ListItem","position":1,"name":"Home","item":"https:\/\/www.haircompanyprofessional.it\/es\/"},{"@type":"ListItem","position":2,"name":"Tienda","item":"https:\/\/www.haircompanyprofessional.it\/es\/tienda\/"},{"@type":"ListItem","position":3,"name":"S\u00e9rum densificante"}]},{"@type":"WebSite","@id":"https:\/\/www.haircompanyprofessional.it\/#website","url":"https:\/\/www.haircompanyprofessional.it\/","name":"Hair Company Professional","description":"","publisher":{"@id":"https:\/\/www.haircompanyprofessional.it\/#organization"},"potentialAction":[{"@type":"SearchAction","target":{"@type":"EntryPoint","urlTemplate":"https:\/\/www.haircompanyprofessional.it\/?s={search_term_string}"},"query-input":{"@type":"PropertyValueSpecification","valueRequired":true,"valueName":"search_term_string"}}],"inLanguage":"es"},{"@type":"Organization","@id":"https:\/\/www.haircompanyprofessional.it\/#organization","name":"Hair Company Professional","url":"https:\/\/www.haircompanyprofessional.it\/","logo":{"@type":"ImageObject","inLanguage":"es","@id":"https:\/\/www.haircompanyprofessional.it\/#\/schema\/logo\/image\/","url":"https:\/\/www.haircompanyprofessional.it\/wp-content\/uploads\/2022\/03\/logo.png","contentUrl":"https:\/\/www.haircompanyprofessional.it\/wp-content\/uploads\/2022\/03\/logo.png","width":620,"height":176,"caption":"Hair Company Professional"},"image":{"@id":"https:\/\/www.haircompanyprofessional.it\/#\/schema\/logo\/image\/"}}]}},"_links":{"self":[{"href":"https:\/\/www.haircompanyprofessional.it\/es\/wp-json\/wp\/v2\/product\/5622","targetHints":{"allow":["GET"]}}],"collection":[{"href":"https:\/\/www.haircompanyprofessional.it\/es\/wp-json\/wp\/v2\/product"}],"about":[{"href":"https:\/\/www.haircompanyprofessional.it\/es\/wp-json\/wp\/v2\/types\/product"}],"replies":[{"embeddable":true,"href":"https:\/\/www.haircompanyprofessional.it\/es\/wp-json\/wp\/v2\/comments?post=5622"}],"wp:featuredmedia":[{"embeddable":true,"href":"https:\/\/www.haircompanyprofessional.it\/es\/wp-json\/wp\/v2\/media\/5592"}],"wp:attachment":[{"href":"https:\/\/www.haircompanyprofessional.it\/es\/wp-json\/wp\/v2\/media?parent=5622"}],"wp:term":[{"taxonomy":"product_cat","embeddable":true,"href":"https:\/\/www.haircompanyprofessional.it\/es\/wp-json\/wp\/v2\/product_cat?post=5622"},{"taxonomy":"product_tag","embeddable":true,"href":"https:\/\/www.haircompanyprofessional.it\/es\/wp-json\/wp\/v2\/product_tag?post=5622"}],"curies":[{"name":"wp","href":"https:\/\/api.w.org\/{rel}","templated":true}]}}