{"id":5798,"date":"2023-05-25T16:19:56","date_gmt":"2023-05-25T14:19:56","guid":{"rendered":"https:\/\/www.haircompanyprofessional.it\/?post_type=product&#038;p=5798"},"modified":"2025-08-14T17:22:09","modified_gmt":"2025-08-14T15:22:09","slug":"decolorante-in-polvere-green-matcha","status":"publish","type":"product","link":"https:\/\/www.haircompanyprofessional.it\/es\/prodotto\/decolorante-in-polvere-green-matcha\/","title":{"rendered":"Decolorante in polvere green matcha"},"content":{"rendered":"","protected":false},"excerpt":{"rendered":"<p>Innovativa polvere decolorante color matcha che con l&#8217;aggiunta dell&#8217;opportuna emulsione ossidante Hair Company Professional si trasforma in una maschera dalla texture morbida e setosa. Permette cos\u00ec una  distribuzione migliore sui capelli. Ideale per le schiariture a mano libera.<br \/>\nLe propriet\u00e0 antiossidanti e idratanti della spirulina e del t\u00e8 verde aiutano a conservare la struttura del capello, inoltre, il protettivo a base di acido ialuronico, rimpolpa e proteggende durante il processo di schiaritura.<\/p>\n","protected":false},"featured_media":5800,"comment_status":"closed","ping_status":"closed","template":"","meta":[],"product_cat":[144],"product_tag":[],"class_list":["post-5798","product","type-product","status-publish","has-post-thumbnail","hentry","product_cat-inimitable-blonde-decoloranti"],"acf":[],"yoast_head":"<!-- This site is optimized with the Yoast SEO plugin v23.8 - https:\/\/yoast.com\/wordpress\/plugins\/seo\/ -->\n<title>Decolorante in polvere green matcha |Decoloranti | Hair Company Professional<\/title>\n<meta name=\"description\" content=\"Innovativa polvere decolorante color matcha che con l&#039;aggiunta dell&#039;opportuna emulsione ossidante Hair Company Professional si trasforma in una maschera dalla texture morbida e setosa. Permette cos\u00ec una distribuzione migliore sui capelli. Ideale per le schiariture a mano libera. Le propriet\u00e0 antiossidanti e idratanti della spirulina e del t\u00e8 verde aiutano a conservare la struttura del capello, inoltre, il protettivo a base di acido ialuronico, rimpolpa e proteggende durante il processo di schiaritura.\" \/>\n<meta name=\"robots\" content=\"index, follow, max-snippet:-1, max-image-preview:large, max-video-preview:-1\" \/>\n<link rel=\"canonical\" href=\"https:\/\/www.haircompanyprofessional.it\/prodotto\/decolorante-in-polvere-green-matcha\/\" \/>\n<meta property=\"og:locale\" content=\"es_ES\" \/>\n<meta property=\"og:type\" content=\"article\" \/>\n<meta property=\"og:title\" content=\"Decolorante in polvere green matcha |Decoloranti | Hair Company Professional\" \/>\n<meta property=\"og:description\" content=\"Innovativa polvere decolorante color matcha che con l&#039;aggiunta dell&#039;opportuna emulsione ossidante Hair Company Professional si trasforma in una maschera dalla texture morbida e setosa. Permette cos\u00ec una distribuzione migliore sui capelli. Ideale per le schiariture a mano libera. Le propriet\u00e0 antiossidanti e idratanti della spirulina e del t\u00e8 verde aiutano a conservare la struttura del capello, inoltre, il protettivo a base di acido ialuronico, rimpolpa e proteggende durante il processo di schiaritura.\" \/>\n<meta property=\"og:url\" content=\"https:\/\/www.haircompanyprofessional.it\/prodotto\/decolorante-in-polvere-green-matcha\/\" \/>\n<meta property=\"og:site_name\" content=\"Hair Company Professional\" \/>\n<meta property=\"article:modified_time\" content=\"2025-08-14T15:22:09+00:00\" \/>\n<meta property=\"og:image\" content=\"https:\/\/www.haircompanyprofessional.it\/wp-content\/uploads\/2023\/05\/bleaching-powder-green-matcha-500g.jpg\" \/>\n\t<meta property=\"og:image:width\" content=\"2000\" \/>\n\t<meta property=\"og:image:height\" content=\"2000\" \/>\n\t<meta property=\"og:image:type\" content=\"image\/jpeg\" \/>\n<meta name=\"twitter:card\" content=\"summary_large_image\" \/>\n<script type=\"application\/ld+json\" class=\"yoast-schema-graph\">{\"@context\":\"https:\/\/schema.org\",\"@graph\":[{\"@type\":\"WebPage\",\"@id\":\"https:\/\/www.haircompanyprofessional.it\/prodotto\/decolorante-in-polvere-green-matcha\/\",\"url\":\"https:\/\/www.haircompanyprofessional.it\/prodotto\/decolorante-in-polvere-green-matcha\/\",\"name\":\"Decolorante in polvere green matcha |Decoloranti | Hair Company Professional\",\"isPartOf\":{\"@id\":\"https:\/\/www.haircompanyprofessional.it\/#website\"},\"primaryImageOfPage\":{\"@id\":\"https:\/\/www.haircompanyprofessional.it\/prodotto\/decolorante-in-polvere-green-matcha\/#primaryimage\"},\"image\":{\"@id\":\"https:\/\/www.haircompanyprofessional.it\/prodotto\/decolorante-in-polvere-green-matcha\/#primaryimage\"},\"thumbnailUrl\":\"https:\/\/www.haircompanyprofessional.it\/wp-content\/uploads\/2023\/05\/bleaching-powder-green-matcha-500g.jpg\",\"datePublished\":\"2023-05-25T14:19:56+00:00\",\"dateModified\":\"2025-08-14T15:22:09+00:00\",\"description\":\"Innovativa polvere decolorante color matcha che con l'aggiunta dell'opportuna emulsione ossidante Hair Company Professional si trasforma in una maschera dalla texture morbida e setosa. Permette cos\u00ec una distribuzione migliore sui capelli. Ideale per le schiariture a mano libera. Le propriet\u00e0 antiossidanti e idratanti della spirulina e del t\u00e8 verde aiutano a conservare la struttura del capello, inoltre, il protettivo a base di acido ialuronico, rimpolpa e proteggende durante il processo di schiaritura.\",\"breadcrumb\":{\"@id\":\"https:\/\/www.haircompanyprofessional.it\/prodotto\/decolorante-in-polvere-green-matcha\/#breadcrumb\"},\"inLanguage\":\"es\",\"potentialAction\":[{\"@type\":\"ReadAction\",\"target\":[\"https:\/\/www.haircompanyprofessional.it\/prodotto\/decolorante-in-polvere-green-matcha\/\"]}]},{\"@type\":\"ImageObject\",\"inLanguage\":\"es\",\"@id\":\"https:\/\/www.haircompanyprofessional.it\/prodotto\/decolorante-in-polvere-green-matcha\/#primaryimage\",\"url\":\"https:\/\/www.haircompanyprofessional.it\/wp-content\/uploads\/2023\/05\/bleaching-powder-green-matcha-500g.jpg\",\"contentUrl\":\"https:\/\/www.haircompanyprofessional.it\/wp-content\/uploads\/2023\/05\/bleaching-powder-green-matcha-500g.jpg\",\"width\":2000,\"height\":2000,\"caption\":\"bleaching-powder-green-matcha-500g\"},{\"@type\":\"BreadcrumbList\",\"@id\":\"https:\/\/www.haircompanyprofessional.it\/prodotto\/decolorante-in-polvere-green-matcha\/#breadcrumb\",\"itemListElement\":[{\"@type\":\"ListItem\",\"position\":1,\"name\":\"Home\",\"item\":\"https:\/\/www.haircompanyprofessional.it\/es\/\"},{\"@type\":\"ListItem\",\"position\":2,\"name\":\"Tienda\",\"item\":\"https:\/\/www.haircompanyprofessional.it\/es\/tienda\/\"},{\"@type\":\"ListItem\",\"position\":3,\"name\":\"Decolorante in polvere green matcha\"}]},{\"@type\":\"WebSite\",\"@id\":\"https:\/\/www.haircompanyprofessional.it\/#website\",\"url\":\"https:\/\/www.haircompanyprofessional.it\/\",\"name\":\"Hair Company Professional\",\"description\":\"\",\"publisher\":{\"@id\":\"https:\/\/www.haircompanyprofessional.it\/#organization\"},\"potentialAction\":[{\"@type\":\"SearchAction\",\"target\":{\"@type\":\"EntryPoint\",\"urlTemplate\":\"https:\/\/www.haircompanyprofessional.it\/?s={search_term_string}\"},\"query-input\":{\"@type\":\"PropertyValueSpecification\",\"valueRequired\":true,\"valueName\":\"search_term_string\"}}],\"inLanguage\":\"es\"},{\"@type\":\"Organization\",\"@id\":\"https:\/\/www.haircompanyprofessional.it\/#organization\",\"name\":\"Hair Company Professional\",\"url\":\"https:\/\/www.haircompanyprofessional.it\/\",\"logo\":{\"@type\":\"ImageObject\",\"inLanguage\":\"es\",\"@id\":\"https:\/\/www.haircompanyprofessional.it\/#\/schema\/logo\/image\/\",\"url\":\"https:\/\/www.haircompanyprofessional.it\/wp-content\/uploads\/2022\/03\/logo.png\",\"contentUrl\":\"https:\/\/www.haircompanyprofessional.it\/wp-content\/uploads\/2022\/03\/logo.png\",\"width\":620,\"height\":176,\"caption\":\"Hair Company Professional\"},\"image\":{\"@id\":\"https:\/\/www.haircompanyprofessional.it\/#\/schema\/logo\/image\/\"}}]}<\/script>\n<!-- \/ Yoast SEO plugin. -->","yoast_head_json":{"title":"Decolorante in polvere green matcha |Decoloranti | Hair Company Professional","description":"Innovativa polvere decolorante color matcha che con l'aggiunta dell'opportuna emulsione ossidante Hair Company Professional si trasforma in una maschera dalla texture morbida e setosa. Permette cos\u00ec una distribuzione migliore sui capelli. Ideale per le schiariture a mano libera. Le propriet\u00e0 antiossidanti e idratanti della spirulina e del t\u00e8 verde aiutano a conservare la struttura del capello, inoltre, il protettivo a base di acido ialuronico, rimpolpa e proteggende durante il processo di schiaritura.","robots":{"index":"index","follow":"follow","max-snippet":"max-snippet:-1","max-image-preview":"max-image-preview:large","max-video-preview":"max-video-preview:-1"},"canonical":"https:\/\/www.haircompanyprofessional.it\/prodotto\/decolorante-in-polvere-green-matcha\/","og_locale":"es_ES","og_type":"article","og_title":"Decolorante in polvere green matcha |Decoloranti | Hair Company Professional","og_description":"Innovativa polvere decolorante color matcha che con l'aggiunta dell'opportuna emulsione ossidante Hair Company Professional si trasforma in una maschera dalla texture morbida e setosa. Permette cos\u00ec una distribuzione migliore sui capelli. Ideale per le schiariture a mano libera. Le propriet\u00e0 antiossidanti e idratanti della spirulina e del t\u00e8 verde aiutano a conservare la struttura del capello, inoltre, il protettivo a base di acido ialuronico, rimpolpa e proteggende durante il processo di schiaritura.","og_url":"https:\/\/www.haircompanyprofessional.it\/prodotto\/decolorante-in-polvere-green-matcha\/","og_site_name":"Hair Company Professional","article_modified_time":"2025-08-14T15:22:09+00:00","og_image":[{"width":2000,"height":2000,"url":"https:\/\/www.haircompanyprofessional.it\/wp-content\/uploads\/2023\/05\/bleaching-powder-green-matcha-500g.jpg","type":"image\/jpeg"}],"twitter_card":"summary_large_image","schema":{"@context":"https:\/\/schema.org","@graph":[{"@type":"WebPage","@id":"https:\/\/www.haircompanyprofessional.it\/prodotto\/decolorante-in-polvere-green-matcha\/","url":"https:\/\/www.haircompanyprofessional.it\/prodotto\/decolorante-in-polvere-green-matcha\/","name":"Decolorante in polvere green matcha |Decoloranti | Hair Company Professional","isPartOf":{"@id":"https:\/\/www.haircompanyprofessional.it\/#website"},"primaryImageOfPage":{"@id":"https:\/\/www.haircompanyprofessional.it\/prodotto\/decolorante-in-polvere-green-matcha\/#primaryimage"},"image":{"@id":"https:\/\/www.haircompanyprofessional.it\/prodotto\/decolorante-in-polvere-green-matcha\/#primaryimage"},"thumbnailUrl":"https:\/\/www.haircompanyprofessional.it\/wp-content\/uploads\/2023\/05\/bleaching-powder-green-matcha-500g.jpg","datePublished":"2023-05-25T14:19:56+00:00","dateModified":"2025-08-14T15:22:09+00:00","description":"Innovativa polvere decolorante color matcha che con l'aggiunta dell'opportuna emulsione ossidante Hair Company Professional si trasforma in una maschera dalla texture morbida e setosa. Permette cos\u00ec una distribuzione migliore sui capelli. Ideale per le schiariture a mano libera. Le propriet\u00e0 antiossidanti e idratanti della spirulina e del t\u00e8 verde aiutano a conservare la struttura del capello, inoltre, il protettivo a base di acido ialuronico, rimpolpa e proteggende durante il processo di schiaritura.","breadcrumb":{"@id":"https:\/\/www.haircompanyprofessional.it\/prodotto\/decolorante-in-polvere-green-matcha\/#breadcrumb"},"inLanguage":"es","potentialAction":[{"@type":"ReadAction","target":["https:\/\/www.haircompanyprofessional.it\/prodotto\/decolorante-in-polvere-green-matcha\/"]}]},{"@type":"ImageObject","inLanguage":"es","@id":"https:\/\/www.haircompanyprofessional.it\/prodotto\/decolorante-in-polvere-green-matcha\/#primaryimage","url":"https:\/\/www.haircompanyprofessional.it\/wp-content\/uploads\/2023\/05\/bleaching-powder-green-matcha-500g.jpg","contentUrl":"https:\/\/www.haircompanyprofessional.it\/wp-content\/uploads\/2023\/05\/bleaching-powder-green-matcha-500g.jpg","width":2000,"height":2000,"caption":"bleaching-powder-green-matcha-500g"},{"@type":"BreadcrumbList","@id":"https:\/\/www.haircompanyprofessional.it\/prodotto\/decolorante-in-polvere-green-matcha\/#breadcrumb","itemListElement":[{"@type":"ListItem","position":1,"name":"Home","item":"https:\/\/www.haircompanyprofessional.it\/es\/"},{"@type":"ListItem","position":2,"name":"Tienda","item":"https:\/\/www.haircompanyprofessional.it\/es\/tienda\/"},{"@type":"ListItem","position":3,"name":"Decolorante in polvere green matcha"}]},{"@type":"WebSite","@id":"https:\/\/www.haircompanyprofessional.it\/#website","url":"https:\/\/www.haircompanyprofessional.it\/","name":"Hair Company Professional","description":"","publisher":{"@id":"https:\/\/www.haircompanyprofessional.it\/#organization"},"potentialAction":[{"@type":"SearchAction","target":{"@type":"EntryPoint","urlTemplate":"https:\/\/www.haircompanyprofessional.it\/?s={search_term_string}"},"query-input":{"@type":"PropertyValueSpecification","valueRequired":true,"valueName":"search_term_string"}}],"inLanguage":"es"},{"@type":"Organization","@id":"https:\/\/www.haircompanyprofessional.it\/#organization","name":"Hair Company Professional","url":"https:\/\/www.haircompanyprofessional.it\/","logo":{"@type":"ImageObject","inLanguage":"es","@id":"https:\/\/www.haircompanyprofessional.it\/#\/schema\/logo\/image\/","url":"https:\/\/www.haircompanyprofessional.it\/wp-content\/uploads\/2022\/03\/logo.png","contentUrl":"https:\/\/www.haircompanyprofessional.it\/wp-content\/uploads\/2022\/03\/logo.png","width":620,"height":176,"caption":"Hair Company Professional"},"image":{"@id":"https:\/\/www.haircompanyprofessional.it\/#\/schema\/logo\/image\/"}}]}},"_links":{"self":[{"href":"https:\/\/www.haircompanyprofessional.it\/es\/wp-json\/wp\/v2\/product\/5798","targetHints":{"allow":["GET"]}}],"collection":[{"href":"https:\/\/www.haircompanyprofessional.it\/es\/wp-json\/wp\/v2\/product"}],"about":[{"href":"https:\/\/www.haircompanyprofessional.it\/es\/wp-json\/wp\/v2\/types\/product"}],"replies":[{"embeddable":true,"href":"https:\/\/www.haircompanyprofessional.it\/es\/wp-json\/wp\/v2\/comments?post=5798"}],"wp:featuredmedia":[{"embeddable":true,"href":"https:\/\/www.haircompanyprofessional.it\/es\/wp-json\/wp\/v2\/media\/5800"}],"wp:attachment":[{"href":"https:\/\/www.haircompanyprofessional.it\/es\/wp-json\/wp\/v2\/media?parent=5798"}],"wp:term":[{"taxonomy":"product_cat","embeddable":true,"href":"https:\/\/www.haircompanyprofessional.it\/es\/wp-json\/wp\/v2\/product_cat?post=5798"},{"taxonomy":"product_tag","embeddable":true,"href":"https:\/\/www.haircompanyprofessional.it\/es\/wp-json\/wp\/v2\/product_tag?post=5798"}],"curies":[{"name":"wp","href":"https:\/\/api.w.org\/{rel}","templated":true}]}}