{"id":7606,"date":"2025-03-06T16:24:53","date_gmt":"2025-03-06T15:24:53","guid":{"rendered":"https:\/\/www.haircompanyprofessional.it\/prodotto\/locion-prevencion-caida-2\/"},"modified":"2025-08-14T17:42:14","modified_gmt":"2025-08-14T15:42:14","slug":"locion-prevencion-caida-2","status":"publish","type":"product","link":"https:\/\/www.haircompanyprofessional.it\/es\/producto\/locion-prevencion-caida-2\/","title":{"rendered":"Loci\u00f3n Prevenci\u00f3n Ca\u00edda"},"content":{"rendered":"","protected":false},"excerpt":{"rendered":"<p>La loci\u00f3n PREVENCI\u00d3N CAIDA est\u00e1 formulada con una combinaci\u00f3n de ingredientes activos que buscan ralentizar la ca\u00edda del cabello. Las c\u00e9lulas madre vegetales de Buddleja davidii son ricas en antioxidantes y nutrientes que protegen el cuero cabelludo y ralentizan la ca\u00edda del cabello. Serenoa repens, con propiedades calmantes, reduce la inflamaci\u00f3n del cuero cabelludo y mejora la salud tanto del cuero cabelludo como del cabello. El extracto de jengibre es conocido por sus propiedades estimulantes de la circulaci\u00f3n sangu\u00ednea y, aplicado sobre el cuero cabelludo, puede ayudar a mejorar la microcirculaci\u00f3n promoviendo el crecimiento del cabello. El aceite esencial de romero tiene propiedades estimulantes y tonificantes. El alcanfor y el mentol son ingredientes naturales refrescantes y estimulantes.<\/p>\n","protected":false},"featured_media":7520,"comment_status":"closed","ping_status":"closed","template":"","meta":[],"product_cat":[428],"product_tag":[],"class_list":["post-7606","product","type-product","status-publish","has-post-thumbnail","hentry","product_cat-vitalize-es"],"acf":[],"yoast_head":"<!-- This site is optimized with the Yoast SEO plugin v23.8 - https:\/\/yoast.com\/wordpress\/plugins\/seo\/ -->\n<title>Loci\u00f3n Prevenci\u00f3n Ca\u00edda |Vitalize | Hair Company Professional<\/title>\n<meta name=\"description\" content=\"La loci\u00f3n PREVENCI\u00d3N CAIDA est\u00e1 formulada con una combinaci\u00f3n de ingredientes activos que buscan ralentizar la ca\u00edda del cabello. Las c\u00e9lulas madre vegetales de Buddleja davidii son ricas en antioxidantes y nutrientes que protegen el cuero cabelludo y ralentizan la ca\u00edda del cabello. Serenoa repens, con propiedades calmantes, reduce la inflamaci\u00f3n del cuero cabelludo y mejora la salud tanto del cuero cabelludo como del cabello. El extracto de jengibre es conocido por sus propiedades estimulantes de la circulaci\u00f3n sangu\u00ednea y, aplicado sobre el cuero cabelludo, puede ayudar a mejorar la microcirculaci\u00f3n promoviendo el crecimiento del cabello. El aceite esencial de romero tiene propiedades estimulantes y tonificantes. El alcanfor y el mentol son ingredientes naturales refrescantes y estimulantes.\" \/>\n<meta name=\"robots\" content=\"index, follow, max-snippet:-1, max-image-preview:large, max-video-preview:-1\" \/>\n<link rel=\"canonical\" href=\"https:\/\/www.haircompanyprofessional.it\/es\/producto\/locion-prevencion-caida-2\/\" \/>\n<meta property=\"og:locale\" content=\"es_ES\" \/>\n<meta property=\"og:type\" content=\"article\" \/>\n<meta property=\"og:title\" content=\"Loci\u00f3n Prevenci\u00f3n Ca\u00edda |Vitalize | Hair Company Professional\" \/>\n<meta property=\"og:description\" content=\"La loci\u00f3n PREVENCI\u00d3N CAIDA est\u00e1 formulada con una combinaci\u00f3n de ingredientes activos que buscan ralentizar la ca\u00edda del cabello. Las c\u00e9lulas madre vegetales de Buddleja davidii son ricas en antioxidantes y nutrientes que protegen el cuero cabelludo y ralentizan la ca\u00edda del cabello. Serenoa repens, con propiedades calmantes, reduce la inflamaci\u00f3n del cuero cabelludo y mejora la salud tanto del cuero cabelludo como del cabello. El extracto de jengibre es conocido por sus propiedades estimulantes de la circulaci\u00f3n sangu\u00ednea y, aplicado sobre el cuero cabelludo, puede ayudar a mejorar la microcirculaci\u00f3n promoviendo el crecimiento del cabello. El aceite esencial de romero tiene propiedades estimulantes y tonificantes. El alcanfor y el mentol son ingredientes naturales refrescantes y estimulantes.\" \/>\n<meta property=\"og:url\" content=\"https:\/\/www.haircompanyprofessional.it\/es\/producto\/locion-prevencion-caida-2\/\" \/>\n<meta property=\"og:site_name\" content=\"Hair Company Professional\" \/>\n<meta property=\"article:modified_time\" content=\"2025-08-14T15:42:14+00:00\" \/>\n<meta property=\"og:image\" content=\"https:\/\/www.haircompanyprofessional.it\/wp-content\/uploads\/2025\/03\/lozione-loss-control.jpg\" \/>\n\t<meta property=\"og:image:width\" content=\"2000\" \/>\n\t<meta property=\"og:image:height\" content=\"2000\" \/>\n\t<meta property=\"og:image:type\" content=\"image\/jpeg\" \/>\n<meta name=\"twitter:card\" content=\"summary_large_image\" \/>\n<script type=\"application\/ld+json\" class=\"yoast-schema-graph\">{\"@context\":\"https:\/\/schema.org\",\"@graph\":[{\"@type\":\"WebPage\",\"@id\":\"https:\/\/www.haircompanyprofessional.it\/es\/producto\/locion-prevencion-caida-2\/\",\"url\":\"https:\/\/www.haircompanyprofessional.it\/es\/producto\/locion-prevencion-caida-2\/\",\"name\":\"Loci\u00f3n Prevenci\u00f3n Ca\u00edda |Vitalize | Hair Company Professional\",\"isPartOf\":{\"@id\":\"https:\/\/www.haircompanyprofessional.it\/#website\"},\"primaryImageOfPage\":{\"@id\":\"https:\/\/www.haircompanyprofessional.it\/es\/producto\/locion-prevencion-caida-2\/#primaryimage\"},\"image\":{\"@id\":\"https:\/\/www.haircompanyprofessional.it\/es\/producto\/locion-prevencion-caida-2\/#primaryimage\"},\"thumbnailUrl\":\"https:\/\/www.haircompanyprofessional.it\/wp-content\/uploads\/2025\/03\/lozione-loss-control.jpg\",\"datePublished\":\"2025-03-06T15:24:53+00:00\",\"dateModified\":\"2025-08-14T15:42:14+00:00\",\"description\":\"La loci\u00f3n PREVENCI\u00d3N CAIDA est\u00e1 formulada con una combinaci\u00f3n de ingredientes activos que buscan ralentizar la ca\u00edda del cabello. Las c\u00e9lulas madre vegetales de Buddleja davidii son ricas en antioxidantes y nutrientes que protegen el cuero cabelludo y ralentizan la ca\u00edda del cabello. Serenoa repens, con propiedades calmantes, reduce la inflamaci\u00f3n del cuero cabelludo y mejora la salud tanto del cuero cabelludo como del cabello. El extracto de jengibre es conocido por sus propiedades estimulantes de la circulaci\u00f3n sangu\u00ednea y, aplicado sobre el cuero cabelludo, puede ayudar a mejorar la microcirculaci\u00f3n promoviendo el crecimiento del cabello. El aceite esencial de romero tiene propiedades estimulantes y tonificantes. El alcanfor y el mentol son ingredientes naturales refrescantes y estimulantes.\",\"breadcrumb\":{\"@id\":\"https:\/\/www.haircompanyprofessional.it\/es\/producto\/locion-prevencion-caida-2\/#breadcrumb\"},\"inLanguage\":\"es\",\"potentialAction\":[{\"@type\":\"ReadAction\",\"target\":[\"https:\/\/www.haircompanyprofessional.it\/es\/producto\/locion-prevencion-caida-2\/\"]}]},{\"@type\":\"ImageObject\",\"inLanguage\":\"es\",\"@id\":\"https:\/\/www.haircompanyprofessional.it\/es\/producto\/locion-prevencion-caida-2\/#primaryimage\",\"url\":\"https:\/\/www.haircompanyprofessional.it\/wp-content\/uploads\/2025\/03\/lozione-loss-control.jpg\",\"contentUrl\":\"https:\/\/www.haircompanyprofessional.it\/wp-content\/uploads\/2025\/03\/lozione-loss-control.jpg\",\"width\":2000,\"height\":2000},{\"@type\":\"BreadcrumbList\",\"@id\":\"https:\/\/www.haircompanyprofessional.it\/es\/producto\/locion-prevencion-caida-2\/#breadcrumb\",\"itemListElement\":[{\"@type\":\"ListItem\",\"position\":1,\"name\":\"Home\",\"item\":\"https:\/\/www.haircompanyprofessional.it\/es\/\"},{\"@type\":\"ListItem\",\"position\":2,\"name\":\"Tienda\",\"item\":\"https:\/\/www.haircompanyprofessional.it\/es\/tienda\/\"},{\"@type\":\"ListItem\",\"position\":3,\"name\":\"Loci\u00f3n Prevenci\u00f3n Ca\u00edda\"}]},{\"@type\":\"WebSite\",\"@id\":\"https:\/\/www.haircompanyprofessional.it\/#website\",\"url\":\"https:\/\/www.haircompanyprofessional.it\/\",\"name\":\"Hair Company Professional\",\"description\":\"\",\"publisher\":{\"@id\":\"https:\/\/www.haircompanyprofessional.it\/#organization\"},\"potentialAction\":[{\"@type\":\"SearchAction\",\"target\":{\"@type\":\"EntryPoint\",\"urlTemplate\":\"https:\/\/www.haircompanyprofessional.it\/?s={search_term_string}\"},\"query-input\":{\"@type\":\"PropertyValueSpecification\",\"valueRequired\":true,\"valueName\":\"search_term_string\"}}],\"inLanguage\":\"es\"},{\"@type\":\"Organization\",\"@id\":\"https:\/\/www.haircompanyprofessional.it\/#organization\",\"name\":\"Hair Company Professional\",\"url\":\"https:\/\/www.haircompanyprofessional.it\/\",\"logo\":{\"@type\":\"ImageObject\",\"inLanguage\":\"es\",\"@id\":\"https:\/\/www.haircompanyprofessional.it\/#\/schema\/logo\/image\/\",\"url\":\"https:\/\/www.haircompanyprofessional.it\/wp-content\/uploads\/2022\/03\/logo.png\",\"contentUrl\":\"https:\/\/www.haircompanyprofessional.it\/wp-content\/uploads\/2022\/03\/logo.png\",\"width\":620,\"height\":176,\"caption\":\"Hair Company Professional\"},\"image\":{\"@id\":\"https:\/\/www.haircompanyprofessional.it\/#\/schema\/logo\/image\/\"}}]}<\/script>\n<!-- \/ Yoast SEO plugin. -->","yoast_head_json":{"title":"Loci\u00f3n Prevenci\u00f3n Ca\u00edda |Vitalize | Hair Company Professional","description":"La loci\u00f3n PREVENCI\u00d3N CAIDA est\u00e1 formulada con una combinaci\u00f3n de ingredientes activos que buscan ralentizar la ca\u00edda del cabello. Las c\u00e9lulas madre vegetales de Buddleja davidii son ricas en antioxidantes y nutrientes que protegen el cuero cabelludo y ralentizan la ca\u00edda del cabello. Serenoa repens, con propiedades calmantes, reduce la inflamaci\u00f3n del cuero cabelludo y mejora la salud tanto del cuero cabelludo como del cabello. El extracto de jengibre es conocido por sus propiedades estimulantes de la circulaci\u00f3n sangu\u00ednea y, aplicado sobre el cuero cabelludo, puede ayudar a mejorar la microcirculaci\u00f3n promoviendo el crecimiento del cabello. El aceite esencial de romero tiene propiedades estimulantes y tonificantes. El alcanfor y el mentol son ingredientes naturales refrescantes y estimulantes.","robots":{"index":"index","follow":"follow","max-snippet":"max-snippet:-1","max-image-preview":"max-image-preview:large","max-video-preview":"max-video-preview:-1"},"canonical":"https:\/\/www.haircompanyprofessional.it\/es\/producto\/locion-prevencion-caida-2\/","og_locale":"es_ES","og_type":"article","og_title":"Loci\u00f3n Prevenci\u00f3n Ca\u00edda |Vitalize | Hair Company Professional","og_description":"La loci\u00f3n PREVENCI\u00d3N CAIDA est\u00e1 formulada con una combinaci\u00f3n de ingredientes activos que buscan ralentizar la ca\u00edda del cabello. Las c\u00e9lulas madre vegetales de Buddleja davidii son ricas en antioxidantes y nutrientes que protegen el cuero cabelludo y ralentizan la ca\u00edda del cabello. Serenoa repens, con propiedades calmantes, reduce la inflamaci\u00f3n del cuero cabelludo y mejora la salud tanto del cuero cabelludo como del cabello. El extracto de jengibre es conocido por sus propiedades estimulantes de la circulaci\u00f3n sangu\u00ednea y, aplicado sobre el cuero cabelludo, puede ayudar a mejorar la microcirculaci\u00f3n promoviendo el crecimiento del cabello. El aceite esencial de romero tiene propiedades estimulantes y tonificantes. El alcanfor y el mentol son ingredientes naturales refrescantes y estimulantes.","og_url":"https:\/\/www.haircompanyprofessional.it\/es\/producto\/locion-prevencion-caida-2\/","og_site_name":"Hair Company Professional","article_modified_time":"2025-08-14T15:42:14+00:00","og_image":[{"width":2000,"height":2000,"url":"https:\/\/www.haircompanyprofessional.it\/wp-content\/uploads\/2025\/03\/lozione-loss-control.jpg","type":"image\/jpeg"}],"twitter_card":"summary_large_image","schema":{"@context":"https:\/\/schema.org","@graph":[{"@type":"WebPage","@id":"https:\/\/www.haircompanyprofessional.it\/es\/producto\/locion-prevencion-caida-2\/","url":"https:\/\/www.haircompanyprofessional.it\/es\/producto\/locion-prevencion-caida-2\/","name":"Loci\u00f3n Prevenci\u00f3n Ca\u00edda |Vitalize | Hair Company Professional","isPartOf":{"@id":"https:\/\/www.haircompanyprofessional.it\/#website"},"primaryImageOfPage":{"@id":"https:\/\/www.haircompanyprofessional.it\/es\/producto\/locion-prevencion-caida-2\/#primaryimage"},"image":{"@id":"https:\/\/www.haircompanyprofessional.it\/es\/producto\/locion-prevencion-caida-2\/#primaryimage"},"thumbnailUrl":"https:\/\/www.haircompanyprofessional.it\/wp-content\/uploads\/2025\/03\/lozione-loss-control.jpg","datePublished":"2025-03-06T15:24:53+00:00","dateModified":"2025-08-14T15:42:14+00:00","description":"La loci\u00f3n PREVENCI\u00d3N CAIDA est\u00e1 formulada con una combinaci\u00f3n de ingredientes activos que buscan ralentizar la ca\u00edda del cabello. Las c\u00e9lulas madre vegetales de Buddleja davidii son ricas en antioxidantes y nutrientes que protegen el cuero cabelludo y ralentizan la ca\u00edda del cabello. Serenoa repens, con propiedades calmantes, reduce la inflamaci\u00f3n del cuero cabelludo y mejora la salud tanto del cuero cabelludo como del cabello. El extracto de jengibre es conocido por sus propiedades estimulantes de la circulaci\u00f3n sangu\u00ednea y, aplicado sobre el cuero cabelludo, puede ayudar a mejorar la microcirculaci\u00f3n promoviendo el crecimiento del cabello. El aceite esencial de romero tiene propiedades estimulantes y tonificantes. El alcanfor y el mentol son ingredientes naturales refrescantes y estimulantes.","breadcrumb":{"@id":"https:\/\/www.haircompanyprofessional.it\/es\/producto\/locion-prevencion-caida-2\/#breadcrumb"},"inLanguage":"es","potentialAction":[{"@type":"ReadAction","target":["https:\/\/www.haircompanyprofessional.it\/es\/producto\/locion-prevencion-caida-2\/"]}]},{"@type":"ImageObject","inLanguage":"es","@id":"https:\/\/www.haircompanyprofessional.it\/es\/producto\/locion-prevencion-caida-2\/#primaryimage","url":"https:\/\/www.haircompanyprofessional.it\/wp-content\/uploads\/2025\/03\/lozione-loss-control.jpg","contentUrl":"https:\/\/www.haircompanyprofessional.it\/wp-content\/uploads\/2025\/03\/lozione-loss-control.jpg","width":2000,"height":2000},{"@type":"BreadcrumbList","@id":"https:\/\/www.haircompanyprofessional.it\/es\/producto\/locion-prevencion-caida-2\/#breadcrumb","itemListElement":[{"@type":"ListItem","position":1,"name":"Home","item":"https:\/\/www.haircompanyprofessional.it\/es\/"},{"@type":"ListItem","position":2,"name":"Tienda","item":"https:\/\/www.haircompanyprofessional.it\/es\/tienda\/"},{"@type":"ListItem","position":3,"name":"Loci\u00f3n Prevenci\u00f3n Ca\u00edda"}]},{"@type":"WebSite","@id":"https:\/\/www.haircompanyprofessional.it\/#website","url":"https:\/\/www.haircompanyprofessional.it\/","name":"Hair Company Professional","description":"","publisher":{"@id":"https:\/\/www.haircompanyprofessional.it\/#organization"},"potentialAction":[{"@type":"SearchAction","target":{"@type":"EntryPoint","urlTemplate":"https:\/\/www.haircompanyprofessional.it\/?s={search_term_string}"},"query-input":{"@type":"PropertyValueSpecification","valueRequired":true,"valueName":"search_term_string"}}],"inLanguage":"es"},{"@type":"Organization","@id":"https:\/\/www.haircompanyprofessional.it\/#organization","name":"Hair Company Professional","url":"https:\/\/www.haircompanyprofessional.it\/","logo":{"@type":"ImageObject","inLanguage":"es","@id":"https:\/\/www.haircompanyprofessional.it\/#\/schema\/logo\/image\/","url":"https:\/\/www.haircompanyprofessional.it\/wp-content\/uploads\/2022\/03\/logo.png","contentUrl":"https:\/\/www.haircompanyprofessional.it\/wp-content\/uploads\/2022\/03\/logo.png","width":620,"height":176,"caption":"Hair Company Professional"},"image":{"@id":"https:\/\/www.haircompanyprofessional.it\/#\/schema\/logo\/image\/"}}]}},"_links":{"self":[{"href":"https:\/\/www.haircompanyprofessional.it\/es\/wp-json\/wp\/v2\/product\/7606","targetHints":{"allow":["GET"]}}],"collection":[{"href":"https:\/\/www.haircompanyprofessional.it\/es\/wp-json\/wp\/v2\/product"}],"about":[{"href":"https:\/\/www.haircompanyprofessional.it\/es\/wp-json\/wp\/v2\/types\/product"}],"replies":[{"embeddable":true,"href":"https:\/\/www.haircompanyprofessional.it\/es\/wp-json\/wp\/v2\/comments?post=7606"}],"wp:featuredmedia":[{"embeddable":true,"href":"https:\/\/www.haircompanyprofessional.it\/es\/wp-json\/wp\/v2\/media\/7520"}],"wp:attachment":[{"href":"https:\/\/www.haircompanyprofessional.it\/es\/wp-json\/wp\/v2\/media?parent=7606"}],"wp:term":[{"taxonomy":"product_cat","embeddable":true,"href":"https:\/\/www.haircompanyprofessional.it\/es\/wp-json\/wp\/v2\/product_cat?post=7606"},{"taxonomy":"product_tag","embeddable":true,"href":"https:\/\/www.haircompanyprofessional.it\/es\/wp-json\/wp\/v2\/product_tag?post=7606"}],"curies":[{"name":"wp","href":"https:\/\/api.w.org\/{rel}","templated":true}]}}