{"id":7717,"date":"2025-04-07T18:32:24","date_gmt":"2025-04-07T16:32:24","guid":{"rendered":"https:\/\/www.haircompanyprofessional.it\/prodotto\/spray-de-transformacion-instantanea\/"},"modified":"2025-08-14T17:42:21","modified_gmt":"2025-08-14T15:42:21","slug":"spray-de-transformacion-instantanea","status":"publish","type":"product","link":"https:\/\/www.haircompanyprofessional.it\/es\/producto\/spray-de-transformacion-instantanea\/","title":{"rendered":"Spray de transformaci\u00f3n instant\u00e1nea"},"content":{"rendered":"","protected":false},"excerpt":{"rendered":"<p>Su f\u00f3rmula innovadora ha sido dise\u00f1ada para crear un efecto lifting instant\u00e1neo, transformando la apariencia externa del cabello a trav\u00e9s del sellado inmediato de las cut\u00edculas. Este spray avanzado crea un escudo protector invisible que, con el uso continuo, bloquea la entrada de humedad en el cabello, ayudando a que se mantenga liso, brillante e incre\u00edblemente suave por m\u00e1s tiempo. Este producto es el secreto para un cabello perfectamente manejable y radiante todos los d\u00edas.<\/p>\n","protected":false},"featured_media":7686,"comment_status":"closed","ping_status":"closed","template":"","meta":[],"product_cat":[368],"product_tag":[],"class_list":["post-7717","product","type-product","status-publish","has-post-thumbnail","hentry","product_cat-must-have-es"],"acf":[],"yoast_head":"<!-- This site is optimized with the Yoast SEO plugin v23.8 - https:\/\/yoast.com\/wordpress\/plugins\/seo\/ -->\n<title>Spray de transformaci\u00f3n instant\u00e1nea |Must have | Hair Company Professional<\/title>\n<meta name=\"description\" content=\"Su f\u00f3rmula innovadora ha sido dise\u00f1ada para crear un efecto lifting instant\u00e1neo, transformando la apariencia externa del cabello a trav\u00e9s del sellado inmediato de las cut\u00edculas. Este spray avanzado crea un escudo protector invisible que, con el uso continuo, bloquea la entrada de humedad en el cabello, ayudando a que se mantenga liso, brillante e incre\u00edblemente suave por m\u00e1s tiempo. Este producto es el secreto para un cabello perfectamente manejable y radiante todos los d\u00edas.\" \/>\n<meta name=\"robots\" content=\"index, follow, max-snippet:-1, max-image-preview:large, max-video-preview:-1\" \/>\n<link rel=\"canonical\" href=\"https:\/\/www.haircompanyprofessional.it\/es\/producto\/spray-de-transformacion-instantanea\/\" \/>\n<meta property=\"og:locale\" content=\"es_ES\" \/>\n<meta property=\"og:type\" content=\"article\" \/>\n<meta property=\"og:title\" content=\"Spray de transformaci\u00f3n instant\u00e1nea |Must have | Hair Company Professional\" \/>\n<meta property=\"og:description\" content=\"Su f\u00f3rmula innovadora ha sido dise\u00f1ada para crear un efecto lifting instant\u00e1neo, transformando la apariencia externa del cabello a trav\u00e9s del sellado inmediato de las cut\u00edculas. Este spray avanzado crea un escudo protector invisible que, con el uso continuo, bloquea la entrada de humedad en el cabello, ayudando a que se mantenga liso, brillante e incre\u00edblemente suave por m\u00e1s tiempo. Este producto es el secreto para un cabello perfectamente manejable y radiante todos los d\u00edas.\" \/>\n<meta property=\"og:url\" content=\"https:\/\/www.haircompanyprofessional.it\/es\/producto\/spray-de-transformacion-instantanea\/\" \/>\n<meta property=\"og:site_name\" content=\"Hair Company Professional\" \/>\n<meta property=\"article:modified_time\" content=\"2025-08-14T15:42:21+00:00\" \/>\n<meta property=\"og:image\" content=\"https:\/\/www.haircompanyprofessional.it\/wp-content\/uploads\/2025\/04\/instant-trasforming-250ml.jpg\" \/>\n\t<meta property=\"og:image:width\" content=\"2000\" \/>\n\t<meta property=\"og:image:height\" content=\"2000\" \/>\n\t<meta property=\"og:image:type\" content=\"image\/jpeg\" \/>\n<meta name=\"twitter:card\" content=\"summary_large_image\" \/>\n<script type=\"application\/ld+json\" class=\"yoast-schema-graph\">{\"@context\":\"https:\/\/schema.org\",\"@graph\":[{\"@type\":\"WebPage\",\"@id\":\"https:\/\/www.haircompanyprofessional.it\/es\/producto\/spray-de-transformacion-instantanea\/\",\"url\":\"https:\/\/www.haircompanyprofessional.it\/es\/producto\/spray-de-transformacion-instantanea\/\",\"name\":\"Spray de transformaci\u00f3n instant\u00e1nea |Must have | Hair Company Professional\",\"isPartOf\":{\"@id\":\"https:\/\/www.haircompanyprofessional.it\/#website\"},\"primaryImageOfPage\":{\"@id\":\"https:\/\/www.haircompanyprofessional.it\/es\/producto\/spray-de-transformacion-instantanea\/#primaryimage\"},\"image\":{\"@id\":\"https:\/\/www.haircompanyprofessional.it\/es\/producto\/spray-de-transformacion-instantanea\/#primaryimage\"},\"thumbnailUrl\":\"https:\/\/www.haircompanyprofessional.it\/wp-content\/uploads\/2025\/04\/instant-trasforming-250ml.jpg\",\"datePublished\":\"2025-04-07T16:32:24+00:00\",\"dateModified\":\"2025-08-14T15:42:21+00:00\",\"description\":\"Su f\u00f3rmula innovadora ha sido dise\u00f1ada para crear un efecto lifting instant\u00e1neo, transformando la apariencia externa del cabello a trav\u00e9s del sellado inmediato de las cut\u00edculas. Este spray avanzado crea un escudo protector invisible que, con el uso continuo, bloquea la entrada de humedad en el cabello, ayudando a que se mantenga liso, brillante e incre\u00edblemente suave por m\u00e1s tiempo. Este producto es el secreto para un cabello perfectamente manejable y radiante todos los d\u00edas.\",\"breadcrumb\":{\"@id\":\"https:\/\/www.haircompanyprofessional.it\/es\/producto\/spray-de-transformacion-instantanea\/#breadcrumb\"},\"inLanguage\":\"es\",\"potentialAction\":[{\"@type\":\"ReadAction\",\"target\":[\"https:\/\/www.haircompanyprofessional.it\/es\/producto\/spray-de-transformacion-instantanea\/\"]}]},{\"@type\":\"ImageObject\",\"inLanguage\":\"es\",\"@id\":\"https:\/\/www.haircompanyprofessional.it\/es\/producto\/spray-de-transformacion-instantanea\/#primaryimage\",\"url\":\"https:\/\/www.haircompanyprofessional.it\/wp-content\/uploads\/2025\/04\/instant-trasforming-250ml.jpg\",\"contentUrl\":\"https:\/\/www.haircompanyprofessional.it\/wp-content\/uploads\/2025\/04\/instant-trasforming-250ml.jpg\",\"width\":2000,\"height\":2000,\"caption\":\"instant trasforming-250ml\"},{\"@type\":\"BreadcrumbList\",\"@id\":\"https:\/\/www.haircompanyprofessional.it\/es\/producto\/spray-de-transformacion-instantanea\/#breadcrumb\",\"itemListElement\":[{\"@type\":\"ListItem\",\"position\":1,\"name\":\"Home\",\"item\":\"https:\/\/www.haircompanyprofessional.it\/es\/\"},{\"@type\":\"ListItem\",\"position\":2,\"name\":\"Tienda\",\"item\":\"https:\/\/www.haircompanyprofessional.it\/es\/tienda\/\"},{\"@type\":\"ListItem\",\"position\":3,\"name\":\"Spray de transformaci\u00f3n instant\u00e1nea\"}]},{\"@type\":\"WebSite\",\"@id\":\"https:\/\/www.haircompanyprofessional.it\/#website\",\"url\":\"https:\/\/www.haircompanyprofessional.it\/\",\"name\":\"Hair Company Professional\",\"description\":\"\",\"publisher\":{\"@id\":\"https:\/\/www.haircompanyprofessional.it\/#organization\"},\"potentialAction\":[{\"@type\":\"SearchAction\",\"target\":{\"@type\":\"EntryPoint\",\"urlTemplate\":\"https:\/\/www.haircompanyprofessional.it\/?s={search_term_string}\"},\"query-input\":{\"@type\":\"PropertyValueSpecification\",\"valueRequired\":true,\"valueName\":\"search_term_string\"}}],\"inLanguage\":\"es\"},{\"@type\":\"Organization\",\"@id\":\"https:\/\/www.haircompanyprofessional.it\/#organization\",\"name\":\"Hair Company Professional\",\"url\":\"https:\/\/www.haircompanyprofessional.it\/\",\"logo\":{\"@type\":\"ImageObject\",\"inLanguage\":\"es\",\"@id\":\"https:\/\/www.haircompanyprofessional.it\/#\/schema\/logo\/image\/\",\"url\":\"https:\/\/www.haircompanyprofessional.it\/wp-content\/uploads\/2022\/03\/logo.png\",\"contentUrl\":\"https:\/\/www.haircompanyprofessional.it\/wp-content\/uploads\/2022\/03\/logo.png\",\"width\":620,\"height\":176,\"caption\":\"Hair Company Professional\"},\"image\":{\"@id\":\"https:\/\/www.haircompanyprofessional.it\/#\/schema\/logo\/image\/\"}}]}<\/script>\n<!-- \/ Yoast SEO plugin. -->","yoast_head_json":{"title":"Spray de transformaci\u00f3n instant\u00e1nea |Must have | Hair Company Professional","description":"Su f\u00f3rmula innovadora ha sido dise\u00f1ada para crear un efecto lifting instant\u00e1neo, transformando la apariencia externa del cabello a trav\u00e9s del sellado inmediato de las cut\u00edculas. Este spray avanzado crea un escudo protector invisible que, con el uso continuo, bloquea la entrada de humedad en el cabello, ayudando a que se mantenga liso, brillante e incre\u00edblemente suave por m\u00e1s tiempo. Este producto es el secreto para un cabello perfectamente manejable y radiante todos los d\u00edas.","robots":{"index":"index","follow":"follow","max-snippet":"max-snippet:-1","max-image-preview":"max-image-preview:large","max-video-preview":"max-video-preview:-1"},"canonical":"https:\/\/www.haircompanyprofessional.it\/es\/producto\/spray-de-transformacion-instantanea\/","og_locale":"es_ES","og_type":"article","og_title":"Spray de transformaci\u00f3n instant\u00e1nea |Must have | Hair Company Professional","og_description":"Su f\u00f3rmula innovadora ha sido dise\u00f1ada para crear un efecto lifting instant\u00e1neo, transformando la apariencia externa del cabello a trav\u00e9s del sellado inmediato de las cut\u00edculas. Este spray avanzado crea un escudo protector invisible que, con el uso continuo, bloquea la entrada de humedad en el cabello, ayudando a que se mantenga liso, brillante e incre\u00edblemente suave por m\u00e1s tiempo. Este producto es el secreto para un cabello perfectamente manejable y radiante todos los d\u00edas.","og_url":"https:\/\/www.haircompanyprofessional.it\/es\/producto\/spray-de-transformacion-instantanea\/","og_site_name":"Hair Company Professional","article_modified_time":"2025-08-14T15:42:21+00:00","og_image":[{"width":2000,"height":2000,"url":"https:\/\/www.haircompanyprofessional.it\/wp-content\/uploads\/2025\/04\/instant-trasforming-250ml.jpg","type":"image\/jpeg"}],"twitter_card":"summary_large_image","schema":{"@context":"https:\/\/schema.org","@graph":[{"@type":"WebPage","@id":"https:\/\/www.haircompanyprofessional.it\/es\/producto\/spray-de-transformacion-instantanea\/","url":"https:\/\/www.haircompanyprofessional.it\/es\/producto\/spray-de-transformacion-instantanea\/","name":"Spray de transformaci\u00f3n instant\u00e1nea |Must have | Hair Company Professional","isPartOf":{"@id":"https:\/\/www.haircompanyprofessional.it\/#website"},"primaryImageOfPage":{"@id":"https:\/\/www.haircompanyprofessional.it\/es\/producto\/spray-de-transformacion-instantanea\/#primaryimage"},"image":{"@id":"https:\/\/www.haircompanyprofessional.it\/es\/producto\/spray-de-transformacion-instantanea\/#primaryimage"},"thumbnailUrl":"https:\/\/www.haircompanyprofessional.it\/wp-content\/uploads\/2025\/04\/instant-trasforming-250ml.jpg","datePublished":"2025-04-07T16:32:24+00:00","dateModified":"2025-08-14T15:42:21+00:00","description":"Su f\u00f3rmula innovadora ha sido dise\u00f1ada para crear un efecto lifting instant\u00e1neo, transformando la apariencia externa del cabello a trav\u00e9s del sellado inmediato de las cut\u00edculas. Este spray avanzado crea un escudo protector invisible que, con el uso continuo, bloquea la entrada de humedad en el cabello, ayudando a que se mantenga liso, brillante e incre\u00edblemente suave por m\u00e1s tiempo. Este producto es el secreto para un cabello perfectamente manejable y radiante todos los d\u00edas.","breadcrumb":{"@id":"https:\/\/www.haircompanyprofessional.it\/es\/producto\/spray-de-transformacion-instantanea\/#breadcrumb"},"inLanguage":"es","potentialAction":[{"@type":"ReadAction","target":["https:\/\/www.haircompanyprofessional.it\/es\/producto\/spray-de-transformacion-instantanea\/"]}]},{"@type":"ImageObject","inLanguage":"es","@id":"https:\/\/www.haircompanyprofessional.it\/es\/producto\/spray-de-transformacion-instantanea\/#primaryimage","url":"https:\/\/www.haircompanyprofessional.it\/wp-content\/uploads\/2025\/04\/instant-trasforming-250ml.jpg","contentUrl":"https:\/\/www.haircompanyprofessional.it\/wp-content\/uploads\/2025\/04\/instant-trasforming-250ml.jpg","width":2000,"height":2000,"caption":"instant trasforming-250ml"},{"@type":"BreadcrumbList","@id":"https:\/\/www.haircompanyprofessional.it\/es\/producto\/spray-de-transformacion-instantanea\/#breadcrumb","itemListElement":[{"@type":"ListItem","position":1,"name":"Home","item":"https:\/\/www.haircompanyprofessional.it\/es\/"},{"@type":"ListItem","position":2,"name":"Tienda","item":"https:\/\/www.haircompanyprofessional.it\/es\/tienda\/"},{"@type":"ListItem","position":3,"name":"Spray de transformaci\u00f3n instant\u00e1nea"}]},{"@type":"WebSite","@id":"https:\/\/www.haircompanyprofessional.it\/#website","url":"https:\/\/www.haircompanyprofessional.it\/","name":"Hair Company Professional","description":"","publisher":{"@id":"https:\/\/www.haircompanyprofessional.it\/#organization"},"potentialAction":[{"@type":"SearchAction","target":{"@type":"EntryPoint","urlTemplate":"https:\/\/www.haircompanyprofessional.it\/?s={search_term_string}"},"query-input":{"@type":"PropertyValueSpecification","valueRequired":true,"valueName":"search_term_string"}}],"inLanguage":"es"},{"@type":"Organization","@id":"https:\/\/www.haircompanyprofessional.it\/#organization","name":"Hair Company Professional","url":"https:\/\/www.haircompanyprofessional.it\/","logo":{"@type":"ImageObject","inLanguage":"es","@id":"https:\/\/www.haircompanyprofessional.it\/#\/schema\/logo\/image\/","url":"https:\/\/www.haircompanyprofessional.it\/wp-content\/uploads\/2022\/03\/logo.png","contentUrl":"https:\/\/www.haircompanyprofessional.it\/wp-content\/uploads\/2022\/03\/logo.png","width":620,"height":176,"caption":"Hair Company Professional"},"image":{"@id":"https:\/\/www.haircompanyprofessional.it\/#\/schema\/logo\/image\/"}}]}},"_links":{"self":[{"href":"https:\/\/www.haircompanyprofessional.it\/es\/wp-json\/wp\/v2\/product\/7717","targetHints":{"allow":["GET"]}}],"collection":[{"href":"https:\/\/www.haircompanyprofessional.it\/es\/wp-json\/wp\/v2\/product"}],"about":[{"href":"https:\/\/www.haircompanyprofessional.it\/es\/wp-json\/wp\/v2\/types\/product"}],"replies":[{"embeddable":true,"href":"https:\/\/www.haircompanyprofessional.it\/es\/wp-json\/wp\/v2\/comments?post=7717"}],"wp:featuredmedia":[{"embeddable":true,"href":"https:\/\/www.haircompanyprofessional.it\/es\/wp-json\/wp\/v2\/media\/7686"}],"wp:attachment":[{"href":"https:\/\/www.haircompanyprofessional.it\/es\/wp-json\/wp\/v2\/media?parent=7717"}],"wp:term":[{"taxonomy":"product_cat","embeddable":true,"href":"https:\/\/www.haircompanyprofessional.it\/es\/wp-json\/wp\/v2\/product_cat?post=7717"},{"taxonomy":"product_tag","embeddable":true,"href":"https:\/\/www.haircompanyprofessional.it\/es\/wp-json\/wp\/v2\/product_tag?post=7717"}],"curies":[{"name":"wp","href":"https:\/\/api.w.org\/{rel}","templated":true}]}}